{"id":7656,"date":"2024-07-11T16:04:59","date_gmt":"2024-07-11T13:04:59","guid":{"rendered":"https:\/\/finlexia.com\/tr\/?page_id=7656"},"modified":"2024-07-11T16:06:04","modified_gmt":"2024-07-11T13:06:04","slug":"kadikoyde-muhasebeci-mali-musavir","status":"publish","type":"page","link":"https:\/\/finlexia.com\/tr\/kadikoyde-muhasebeci-mali-musavir\/","title":{"rendered":"Kad\u0131k\u00f6y&#8217;de Muhasebeci Mali M\u00fc\u015favir"},"content":{"rendered":"\n<p><strong>Kad\u0131k\u00f6y&#8217;de muhasebeci mali m\u00fc\u015favir<\/strong> b\u00fcrosu olarak sundu\u011fumuz <strong>mali m\u00fc\u015favirlik hizmetleri<\/strong>, i\u015fletmelerin mali s\u00fcre\u00e7lerini etkin ve yasalara uygun bir \u015fekilde y\u00f6netmelerine yard\u0131mc\u0131 olmay\u0131 ama\u00e7lar. Bu kapsamda, i\u015fletmelerin <strong>genel muhasebe<\/strong> i\u015flemlerinin do\u011fru ve eksiksiz tutulmas\u0131ndan, <strong>maliyet muhasebesi<\/strong> ve <strong>y\u00f6netim muhasebesi<\/strong> gibi \u00f6zel muhasebe hizmetlerine kadar geni\u015f bir yelpazede hizmet sunmaktay\u0131z.<\/p>\n\n\n\n<p class=\"has-medium-font-size\"><strong>Konu Ba\u015fl\u0131klar\u0131<\/strong><\/p>\n\n\n<div class=\"wp-block-aioseo-table-of-contents\"><ul><li><a class=\"aioseo-toc-item\" href=\"#aioseo-mali-musavirlik-hizmetleri-nedir-neleri-kapsar\">Mali M\u00fc\u015favirlik Hizmetleri Nedir, Neleri Kapsar?<\/a><\/li><li><a class=\"aioseo-toc-item\" href=\"#aioseo-mali-musavirlik-hizmetleri-nedir\">Mali M\u00fc\u015favirlik Mesle\u011finin \u00d6nemi<\/a><\/li><li><a class=\"aioseo-toc-item\" href=\"#aioseo-mali-musavirlik-hizmetlerinin-onemi\">Mali M\u00fc\u015favirlik Hizmetlerinin \u00d6nemi<\/a><ul><li><a class=\"aioseo-toc-item\" href=\"#aioseo-muhasebe-hizmetleri\">Muhasebe Hizmetleri<\/a><\/li><li><a class=\"aioseo-toc-item\" href=\"#aioseo-vergi-danismanligi\">Vergi Dan\u0131\u015fmanl\u0131\u011f\u0131<\/a><\/li><li><a class=\"aioseo-toc-item\" href=\"#aioseo-finansal-danismanlik\">Finansal Dan\u0131\u015fmanl\u0131k<\/a><\/li><li><a class=\"aioseo-toc-item\" href=\"#aioseo-denetim-hizmetleri\">Denetim Hizmetleri<\/a><\/li><li><a class=\"aioseo-toc-item\" href=\"#aioseo-diger-hizmetler\">Kad\u0131k\u00f6y&#039;de Muhasebeci Mali M\u00fc\u015favir Hizmetleri<\/a><\/li><\/ul><\/li><li><a class=\"aioseo-toc-item\" href=\"#aioseo-mali-musavirlik-hizmetlerinin-maliyeti-nasil-belirlenir\">Mali M\u00fc\u015favirlik Hizmetleri&#039;nin \u00dccreti Nas\u0131l Belirlenir?<\/a><ul><li><a class=\"aioseo-toc-item\" href=\"#aioseo-maliyet-unsurlari\">Maliyet Unsurlar\u0131<\/a><\/li><li><a class=\"aioseo-toc-item\" href=\"#aioseo-ucret-belirleme-kriterleri\">\u00dccret Belirleme Kriterleri<\/a><\/li><li><a class=\"aioseo-toc-item\" href=\"#aioseo-yasal-duzenlemeler\">Yasal D\u00fczenlemeler<\/a><\/li><\/ul><\/li><li><a class=\"aioseo-toc-item\" href=\"#aioseo-neden-finlexia-mali-musavirlik-burosu\">Neden Finlexia Mali M\u00fc\u015favirlik B\u00fcrosu?<\/a><\/li><li><a class=\"aioseo-toc-item\" href=\"#aioseo-mali-musavirlik-hizmetleri-icin-bize-ulasin\">Kad\u0131k\u00f6y&#039;de Muhasebeci Mali M\u00fc\u015favir Hizmetleri i\u00e7in Bize Ula\u015f\u0131n<\/a><\/li><\/ul><\/div>\n\n\n<p>Ayr\u0131ca, vergi dan\u0131\u015fmanl\u0131\u011f\u0131 hizmetlerimiz ile i\u015fletmelerin vergi beyannamelerinin haz\u0131rlanmas\u0131, vergi planlamas\u0131 ve vergi uyu\u015fmazl\u0131klar\u0131n\u0131n \u00e7\u00f6z\u00fcm\u00fc gibi konularda profesyonel destek sa\u011fl\u0131yoruz. <\/p>\n\n\n\n<p><a href=\"https:\/\/finlexia.com\/tr\/mali-danismanlik-hizmetleri\" title=\"\">Finansal dan\u0131\u015fmanl\u0131k<\/a> hizmetlerimiz ise b\u00fct\u00e7e ve finansal planlama, nakit ak\u0131\u015f\u0131 y\u00f6netimi ve finansal raporlama gibi stratejik alanlar\u0131 kapsar. Denetim hizmetleri kapsam\u0131nda, ba\u011f\u0131ms\u0131z denetim ve <a href=\"https:\/\/finlexia.com\/tr\/sirket-ic-denetim-ve-kontrol\" title=\"\">i\u00e7 denetim hizmetleri<\/a> ile i\u015fletmelerin mali kay\u0131tlar\u0131n\u0131n do\u011frulu\u011funu ve yasal mevzuata uygunlu\u011funu kontrol ediyoruz.<\/p>\n\n\n\n<p>Bunlar\u0131n yan\u0131 s\u0131ra, mali analizler, risk y\u00f6netimi ve i\u015fletme de\u011ferlemeleri gibi i\u015fletmelerin ihtiya\u00e7lar\u0131na y\u00f6nelik \u00e7e\u015fitli di\u011fer hizmetler de sunmaktay\u0131z. Kad\u0131k\u00f6y&#8217;de muhasebeci mali m\u00fc\u015favir b\u00fcrosu olarak, i\u015fletmelerin mali s\u00fcre\u00e7lerini profesyonel bir \u015fekilde y\u00f6netmelerine yard\u0131mc\u0131 olmak i\u00e7in buraday\u0131z.<\/p>\n\n\n\n<figure class=\"wp-block-image size-large\"><img loading=\"lazy\" decoding=\"async\" width=\"1024\" height=\"640\" src=\"https:\/\/finlexia.com\/tr\/wp-content\/uploads\/2024\/07\/muhasebe-hizmetleri-Istanbul-1024x640.jpg\" alt=\"Kad\u0131k\u00f6y'de Mali M\u00fc\u015favir \u0130stanbul\" class=\"wp-image-7292\" srcset=\"https:\/\/finlexia.com\/tr\/wp-content\/uploads\/2024\/07\/muhasebe-hizmetleri-Istanbul-1024x640.jpg 1024w, https:\/\/finlexia.com\/tr\/wp-content\/uploads\/2024\/07\/muhasebe-hizmetleri-Istanbul-300x188.jpg 300w, https:\/\/finlexia.com\/tr\/wp-content\/uploads\/2024\/07\/muhasebe-hizmetleri-Istanbul-768x480.jpg 768w, https:\/\/finlexia.com\/tr\/wp-content\/uploads\/2024\/07\/muhasebe-hizmetleri-Istanbul.jpg 1280w\" sizes=\"auto, (max-width: 1024px) 100vw, 1024px\" \/><\/figure>\n\n\n\n<h2 class=\"wp-block-heading\" id=\"aioseo-mali-musavirlik-hizmetleri-nedir-neleri-kapsar\">Mali M\u00fc\u015favirlik Hizmetleri Nedir, Neleri Kapsar?<\/h2>\n\n\n\n<p>Kad\u0131k\u00f6y&#8217;de muhasebeci mali m\u00fc\u015favir b\u00fcrosu olarak, 2017 y\u0131l\u0131ndan beri \u0130stanbul&#8217;da faaliyet g\u00f6steren ve m\u00fckelleflerimize \u00e7e\u015fitli muhasebe ve mali dan\u0131\u015fmanl\u0131k hizmetleri sunan <a href=\"https:\/\/www.turmob.org.tr\/\" title=\"\">T\u00dcRMOB<\/a>&#8216;a kay\u0131tl\u0131 bir b\u00fcroyuz. Uzman ekibimiz, <a href=\"https:\/\/finlexia.com\/tr\/sirket-kurulusu\" title=\"\">\u015firket kurulu\u015fu<\/a>, <a href=\"https:\/\/finlexia.com\/tr\/genel-kurul-islemleri\" title=\"\">genel kurul hizmetleri<\/a> ve i\u015fletmelerin mali s\u00fcre\u00e7lerini y\u00f6netmelerine yard\u0131mc\u0131 olmak i\u00e7in kapsaml\u0131 ve profesyonel \u00e7\u00f6z\u00fcmler sunmaktad\u0131r.<\/p>\n\n\n\n<h2 class=\"wp-block-heading\" id=\"aioseo-mali-musavirlik-hizmetleri-nedir\">Mali M\u00fc\u015favirlik Mesle\u011finin \u00d6nemi<\/h2>\n\n\n\n<p>Mali m\u00fc\u015favirlik mesle\u011fi, son 30 y\u0131lda \u00f6nemli bir kurumsalla\u015fma s\u00fcreci ge\u00e7irmi\u015ftir.<a href=\"https:\/\/isarder.org\/index.php\/isarder\/article\/download\/331\/328\/328\" target=\"_blank\" rel=\"noreferrer noopener\"><\/a>&nbsp;Etik de\u011ferler ve disiplin, Mali m\u00fc\u015favirlik mesle\u011finin vazge\u00e7ilmez unsurlar\u0131 haline gelmi\u015ftir. Mali m\u00fc\u015favirler, i\u015fletmelerin finansal durumunu analiz eder, vergi planlamas\u0131 yapar, b\u00fct\u00e7eleme ve nakit ak\u0131\u015f y\u00f6netimi gibi kritik konularda dan\u0131\u015fmanl\u0131k hizmeti sunar.<\/p>\n\n\n\n<p>Mali m\u00fc\u015favirlik hizmetleri a\u015fa\u011f\u0131daki konular\u0131 kapsar:<\/p>\n\n\n\n<ul class=\"wp-block-list\">\n<li>Muhasebe kay\u0131tlar\u0131n\u0131n tutulmas\u0131 ve finansal raporlar\u0131n haz\u0131rlanmas\u0131<\/li>\n\n\n\n<li>Vergi beyannamelerinin d\u00fczenlenmesi ve vergi planlamas\u0131<\/li>\n\n\n\n<li>B\u00fct\u00e7eleme, nakit ak\u0131\u015f y\u00f6netimi ve finansal analiz<\/li>\n\n\n\n<li>Denetim ve dan\u0131\u015fmanl\u0131k hizmetleri<\/li>\n\n\n\n<li>\u015eirket kurulu\u015fu, devir ve birle\u015fme i\u015flemleri<\/li>\n\n\n\n<li>Proje finansman\u0131 ve yat\u0131r\u0131m dan\u0131\u015fmanl\u0131\u011f\u0131<\/li>\n<\/ul>\n\n\n\n<h2 class=\"wp-block-heading\" id=\"aioseo-mali-musavirlik-hizmetlerinin-onemi\">Mali M\u00fc\u015favirlik Hizmetlerinin \u00d6nemi<\/h2>\n\n\n\n<p>Kad\u0131k\u00f6y&#8217;de muhasebeci mali m\u00fc\u015favir hizmetleri, i\u015fletmelerin finansal y\u00f6netimi ve yasal uyum konular\u0131nda kritik rol oynar.<a href=\"https:\/\/dergipark.org.tr\/en\/download\/article-file\/2660515\" target=\"_blank\" rel=\"noreferrer noopener\"><\/a><a href=\"https:\/\/www.researchgate.net\/publication\/372810062_SMMM%27lere_Yonelik_Is_Ilanlarinda_Aranan_Sartlarin_Karsilastirmali_Analizi_Turkiye_Amerika_Birlesik_Devletleri_ve_Ingiltere_OrnegiA_Comparative_Analysis_of_Requirements_in_Job_Postings_For_CPAs_Case_Of\" target=\"_blank\" rel=\"noreferrer noopener\"><\/a>\u00a0Teknolojik geli\u015fmeler ve dijitalle\u015fme sayesinde, bu hizmetlerin sunumu daha etkin ve verimli hale gelmi\u015ftir. Kalifiye mali m\u00fc\u015favirler, i\u015fletmelerin finansal sa\u011fl\u0131\u011f\u0131n\u0131 korumalar\u0131na ve rekabet avantaj\u0131 elde etmelerine yard\u0131mc\u0131 olur.<\/p>\n\n\n\n<h3 class=\"wp-block-heading\" id=\"aioseo-muhasebe-hizmetleri\">Muhasebe Hizmetleri<\/h3>\n\n\n\n<p>Kad\u0131k\u00f6y&#8217;de muhasebeci mali m\u00fc\u015favir hizmetlerinin temelini <a href=\"https:\/\/finlexia.com\/tr\/muhasebe-hizmetleri\/\" title=\"\">muhasebe hizmetleri<\/a> olu\u015fturur. Bu hizmetler, i\u015fletmelerin finansal kay\u0131tlar\u0131n\u0131n do\u011fru ve eksiksiz bir \u015fekilde tutulmas\u0131n\u0131 i\u00e7erir. Muhasebe hizmetleri kapsam\u0131nda sunulan ba\u015fl\u0131ca hizmetler \u015funlard\u0131r:<\/p>\n\n\n\n<ul class=\"wp-block-list\">\n<li><strong>Genel Muhasebe:<\/strong> Gelir, gider, varl\u0131k ve bor\u00e7lar\u0131n kay\u0131t alt\u0131na al\u0131nmas\u0131.<\/li>\n\n\n\n<li><strong>Maliyet Muhasebesi:<\/strong> \u00dcretim maliyetlerinin hesaplanmas\u0131 ve raporlanmas\u0131.<\/li>\n\n\n\n<li><strong>Y\u00f6netim Muhasebesi:<\/strong> \u0130\u015fletme y\u00f6neticilerine finansal raporlar sunarak karar alma s\u00fcre\u00e7lerine destek olma.<\/li>\n<\/ul>\n\n\n\n<h3 class=\"wp-block-heading\" id=\"aioseo-vergi-danismanligi\">Vergi Dan\u0131\u015fmanl\u0131\u011f\u0131<\/h3>\n\n\n\n<p><a href=\"https:\/\/finlexia.com\/tr\/vergi-danismanligi\" title=\"\">Vergi dan\u0131\u015fmanl\u0131\u011f\u0131<\/a>, i\u015fletmelerin vergi y\u00fck\u00fcml\u00fcl\u00fcklerini en iyi \u015fekilde yerine getirmelerini sa\u011flamak amac\u0131yla sunulan hizmetlerdir. Vergi dan\u0131\u015fmanl\u0131\u011f\u0131 kapsam\u0131nda sunulan ba\u015fl\u0131ca hizmetler \u015funlard\u0131r:<\/p>\n\n\n\n<ul class=\"wp-block-list\">\n<li><strong>Vergi Beyannamelerinin Haz\u0131rlanmas\u0131:<\/strong> Gelir vergisi, kurumlar vergisi, KDV gibi beyannamelerin haz\u0131rlanmas\u0131.<\/li>\n\n\n\n<li><strong>Vergi Planlamas\u0131:<\/strong> Vergi y\u00fck\u00fcn\u00fcn minimize edilmesi i\u00e7in stratejik planlama yap\u0131lmas\u0131.<\/li>\n\n\n\n<li><strong>Vergi Uyu\u015fmazl\u0131klar\u0131n\u0131n \u00c7\u00f6z\u00fcm\u00fc:<\/strong> Vergi daireleri ile ya\u015fanan sorunlar\u0131n \u00e7\u00f6z\u00fclmesine y\u00f6nelik dan\u0131\u015fmanl\u0131k.<\/li>\n<\/ul>\n\n\n\n<h3 class=\"wp-block-heading\" id=\"aioseo-finansal-danismanlik\">Finansal Dan\u0131\u015fmanl\u0131k<\/h3>\n\n\n\n<p>Finansal dan\u0131\u015fmanl\u0131k hizmetleri, i\u015fletmelerin mali hedeflerine ula\u015fmalar\u0131 i\u00e7in stratejik planlama ve analiz yapmay\u0131 i\u00e7erir. Finansal dan\u0131\u015fmanl\u0131k kapsam\u0131nda sunulan ba\u015fl\u0131ca hizmetler \u015funlard\u0131r:<\/p>\n\n\n\n<ul class=\"wp-block-list\">\n<li><strong>B\u00fct\u00e7e ve Finansal Planlama:<\/strong> \u0130\u015fletmenin gelecekteki mali hedeflerinin belirlenmesi ve planlanmas\u0131.<\/li>\n\n\n\n<li><strong>Nakit Ak\u0131\u015f\u0131 Y\u00f6netimi:<\/strong> Nakit ak\u0131\u015f\u0131n\u0131n etkin bir \u015fekilde y\u00f6netilmesi.<\/li>\n\n\n\n<li><strong><a href=\"https:\/\/finlexia.com\/tr\/finansal-raporlama\" title=\"\">Finansal Raporlama<\/a>:<\/strong> \u0130\u015fletmenin mali durumunu analiz eden raporlar\u0131n haz\u0131rlanmas\u0131.<\/li>\n<\/ul>\n\n\n\n<h3 class=\"wp-block-heading\" id=\"aioseo-denetim-hizmetleri\">Denetim Hizmetleri<\/h3>\n\n\n\n<p><a href=\"https:\/\/finlexia.com\/tr\/mali-denetim-hizmetleri\" title=\"\">Denetim hizmetleri<\/a>, i\u015fletmelerin mali kay\u0131tlar\u0131n\u0131n ve i\u015flemlerinin do\u011frulu\u011funu ve yasal mevzuatlara uygunlu\u011funu kontrol etmeyi ama\u00e7lar. Denetim hizmetleri kapsam\u0131nda sunulan ba\u015fl\u0131ca hizmetler \u015funlard\u0131r:<\/p>\n\n\n\n<ul class=\"wp-block-list\">\n<li><strong>Ba\u011f\u0131ms\u0131z Denetim:<\/strong> \u0130\u015fletmenin finansal tablolar\u0131n\u0131n ba\u011f\u0131ms\u0131z denet\u00e7iler taraf\u0131ndan incelenmesi.<\/li>\n\n\n\n<li><strong>\u0130\u00e7 Denetim:<\/strong> \u0130\u015fletme i\u00e7indeki mali s\u00fcre\u00e7lerin ve kontrollerin de\u011ferlendirilmesi.<\/li>\n<\/ul>\n\n\n\n<h3 class=\"wp-block-heading\" id=\"aioseo-diger-hizmetler\">Kad\u0131k\u00f6y&#8217;de Muhasebeci Mali M\u00fc\u015favir Hizmetleri<\/h3>\n\n\n\n<p>Kad\u0131k\u00f6y&#8217;de muhasebeci mali m\u00fc\u015favir b\u00fcrosu olarak, yukar\u0131da belirtilen hizmetlerin yan\u0131 s\u0131ra i\u015fletmelerin ihtiya\u00e7lar\u0131na y\u00f6nelik \u00e7e\u015fitli di\u011fer hizmetler de sunmaktay\u0131z. Bunlar aras\u0131nda <a href=\"https:\/\/finlexia.com\/tr\/sirket-kurulusu\" title=\"\">\u015firket kurulu\u015fu<\/a>, <a href=\"https:\/\/finlexia.com\/tr\/sirket-tasfiyesi\" title=\"\">\u015firket tasfiyesi<\/a> ve <a href=\"https:\/\/finlexia.com\/tr\/mahkeme-karari-ile-sirket-kapatilmasi\" title=\"\">\u015firketin mahkeme karar\u0131 ile kapat\u0131lmas\u0131<\/a> ve mali analizler, risk y\u00f6netimi ve <a href=\"https:\/\/finlexia.com\/tr\/sirket-degerleme-hizmetleri\">\u015firket de\u011ferleme<\/a> yer almaktad\u0131r.<\/p>\n\n\n\n<h2 class=\"wp-block-heading\" id=\"aioseo-mali-musavirlik-hizmetlerinin-maliyeti-nasil-belirlenir\">Mali M\u00fc\u015favirlik Hizmetleri&#8217;nin \u00dccreti Nas\u0131l Belirlenir?<\/h2>\n\n\n\n<p>Kad\u0131k\u00f6y&#8217;de muhasebeci mali m\u00fc\u015favir hizmetlerinin maliyeti, sunulan hizmetlerin kapsam\u0131na, i\u015fletmenin ihtiya\u00e7lar\u0131na ve mali m\u00fc\u015favirin deneyimine g\u00f6re belirlenir.<\/p>\n\n\n\n<h3 class=\"wp-block-heading\" id=\"aioseo-maliyet-unsurlari\">Maliyet Unsurlar\u0131<\/h3>\n\n\n\n<p>Ba\u015fl\u0131ca maliyet unsurlar\u0131 \u015funlard\u0131r:<\/p>\n\n\n\n<ul class=\"wp-block-list\">\n<li>Muhasebe kay\u0131tlar\u0131n\u0131n tutulmas\u0131 ve finansal raporlar\u0131n haz\u0131rlanmas\u0131<\/li>\n\n\n\n<li>Vergi beyannamelerinin d\u00fczenlenmesi ve vergi planlamas\u0131<\/li>\n\n\n\n<li>B\u00fct\u00e7eleme, nakit ak\u0131\u015f y\u00f6netimi ve finansal analiz<\/li>\n\n\n\n<li>Denetim ve dan\u0131\u015fmanl\u0131k hizmetleri<\/li>\n\n\n\n<li>\u015eirket kurulu\u015fu, devir ve birle\u015fme i\u015flemleri<\/li>\n\n\n\n<li>Proje finansman\u0131 ve yat\u0131r\u0131m dan\u0131\u015fmanl\u0131\u011f\u0131<\/li>\n<\/ul>\n\n\n\n<h3 class=\"wp-block-heading\" id=\"aioseo-ucret-belirleme-kriterleri\">\u00dccret Belirleme Kriterleri<\/h3>\n\n\n\n<p>Kad\u0131k\u00f6y&#8217;de muhasebeci mali m\u00fc\u015favir \u00fccretleri, a\u015fa\u011f\u0131daki kriterlere g\u00f6re belirlenir:<\/p>\n\n\n\n<ul class=\"wp-block-list\">\n<li>\u0130\u015fletmenin faaliyet alan\u0131 ve b\u00fcy\u00fckl\u00fc\u011f\u00fc<\/li>\n\n\n\n<li>Sunulacak hizmetlerin kapsam\u0131 ve karma\u015f\u0131kl\u0131\u011f\u0131<\/li>\n\n\n\n<li>Mali m\u00fc\u015favirin deneyim ve uzmanl\u0131k seviyesi<\/li>\n\n\n\n<li>Piyasa ko\u015fullar\u0131 ve rekabet ortam\u0131<\/li>\n\n\n\n<li>Yasal mevzuat ve d\u00fczenlemeler<\/li>\n<\/ul>\n\n\n\n<h3 class=\"wp-block-heading\" id=\"aioseo-yasal-duzenlemeler\">Yasal D\u00fczenlemeler<\/h3>\n\n\n\n<p>Kad\u0131k\u00f6y&#8217;de muhasebeci mali m\u00fc\u015favir \u00fccretleri, T\u00fcrkiye Serbest Muhasebeci Mali M\u00fc\u015favirler ve Yeminli Mali M\u00fc\u015favirler Odalar\u0131 Birli\u011fi (<a href=\"https:\/\/www.turmob.org.tr\/\" title=\"\">T\u00dcRMOB<\/a>) taraf\u0131ndan yay\u0131mlanan &#8220;<strong>Serbest Muhasebeci, Serbest Muhasebeci Mali M\u00fc\u015favir ve Yeminli Mali M\u00fc\u015favirlerin \u00dccretlerinin Esaslar\u0131 Hakk\u0131nda Y\u00f6netmelik<\/strong>&#8221; esaslar\u0131na g\u00f6re belirlenir. <a href=\"https:\/\/www.turmob.org.tr\/Arsiv\/FCKEditor\/userfiles\/file\/Yonetmelik_MMKarari_Yasa_10_4_2018\/1-Ucretlerin%20Esas_Hak_Yonetmelik.pdf\" target=\"_blank\" rel=\"noreferrer noopener\"><\/a>Bu y\u00f6netmelikte, verilen hizmetlerin asgari \u00fccretleri a\u00e7\u0131klanmaktad\u0131r. Mali m\u00fc\u015favirler, bu \u00fccretlerin alt\u0131nda hizmet vermemekle y\u00fck\u00fcml\u00fcd\u00fcr.<\/p>\n\n\n\n<h2 class=\"wp-block-heading\" id=\"aioseo-neden-finlexia-mali-musavirlik-burosu\">Neden Finlexia Mali M\u00fc\u015favirlik B\u00fcrosu?<\/h2>\n\n\n\n<p>Kad\u0131k\u00f6y&#8217;de muhasebeci mali m\u00fc\u015favir b\u00fcrosu olarak, m\u00fckelleflerimize g\u00fcvenilir, \u015feffaf ve profesyonel hizmetler sunmay\u0131 taahh\u00fct ediyoruz. Uzman ekibimizle birlikte, i\u015fletmelerin mali s\u00fcre\u00e7lerini etkin bir \u015fekilde y\u00f6netmelerine yard\u0131mc\u0131 oluyor ve onlar\u0131n s\u00fcrd\u00fcr\u00fclebilir bir \u015fekilde b\u00fcy\u00fcmelerini sa\u011fl\u0131yoruz.<\/p>\n\n\n\n<p>E\u011fer siz de mali m\u00fc\u015favirlik hizmetlerimiz hakk\u0131nda daha fazla bilgi almak veya ihtiya\u00e7lar\u0131n\u0131za y\u00f6nelik \u00e7\u00f6z\u00fcmlerimizi \u00f6\u011frenmek isterseniz, bizimle ileti\u015fime ge\u00e7ebilirsiniz. Sizlere en iyi hizmeti sunmak i\u00e7in buraday\u0131z.<\/p>\n\n\n\n<figure class=\"wp-block-image size-large\"><img loading=\"lazy\" decoding=\"async\" width=\"1024\" height=\"640\" src=\"https:\/\/finlexia.com\/tr\/wp-content\/uploads\/2024\/07\/Mali-Musavirlik-Hizmetleri-Istanbul-1024x640.jpg\" alt=\"\u0130stanbul Mali M\u00fc\u015favirlik Hizmetleri\" class=\"wp-image-7229\" srcset=\"https:\/\/finlexia.com\/tr\/wp-content\/uploads\/2024\/07\/Mali-Musavirlik-Hizmetleri-Istanbul-1024x640.jpg 1024w, https:\/\/finlexia.com\/tr\/wp-content\/uploads\/2024\/07\/Mali-Musavirlik-Hizmetleri-Istanbul-300x188.jpg 300w, https:\/\/finlexia.com\/tr\/wp-content\/uploads\/2024\/07\/Mali-Musavirlik-Hizmetleri-Istanbul-768x480.jpg 768w, https:\/\/finlexia.com\/tr\/wp-content\/uploads\/2024\/07\/Mali-Musavirlik-Hizmetleri-Istanbul.jpg 1280w\" sizes=\"auto, (max-width: 1024px) 100vw, 1024px\" \/><\/figure>\n\n\n\n<h2 class=\"wp-block-heading\" id=\"aioseo-mali-musavirlik-hizmetleri-icin-bize-ulasin\">Kad\u0131k\u00f6y&#8217;de Muhasebeci Mali M\u00fc\u015favir Hizmetleri i\u00e7in Bize Ula\u015f\u0131n<\/h2>\n\n\n\n<p>Kad\u0131k\u00f6y&#8217;de muhasebeci mali m\u00fc\u015favir b\u00fcrosu olarak sundu\u011fumuz <strong>mali dan\u0131\u015fmanl\u0131k hizmetleri<\/strong>, i\u015fletmelerin mali durumlar\u0131n\u0131 iyile\u015ftirmek ve s\u00fcrd\u00fcr\u00fclebilir b\u00fcy\u00fcmeyi desteklemek i\u00e7in kapsaml\u0131 \u00e7\u00f6z\u00fcmler sunar. Bu hizmetler, <strong>genel muhasebe i\u015flemleri<\/strong>, <strong>maliyet muhasebesi<\/strong>, <strong>y\u00f6netim muhasebesi<\/strong> ve <strong>finansal raporlama<\/strong> gibi \u00f6nemli muhasebe s\u00fcre\u00e7lerini i\u00e7erir.<\/p>\n\n\n\n<p><strong>Vergi dan\u0131\u015fmanl\u0131\u011f\u0131<\/strong> hizmetlerimiz ile i\u015fletmelerin vergi beyannamelerini haz\u0131rl\u0131yor, vergi planlamas\u0131 yap\u0131yor ve vergi ile ilgili t\u00fcm y\u00fck\u00fcml\u00fcl\u00fcklerini yerine getirmelerini sa\u011fl\u0131yoruz. <strong>Denetim hizmetleri<\/strong> kapsam\u0131nda ise ba\u011f\u0131ms\u0131z denetim ve i\u00e7 denetim hizmetleri sunarak i\u015fletmelerin mali kay\u0131tlar\u0131n\u0131n do\u011frulu\u011funu ve mevzuata uygunlu\u011funu kontrol ediyoruz. <\/p>\n\n\n\n<p>Bunun yan\u0131 s\u0131ra, i\u015fletmelerin stratejik hedeflerine ula\u015fmalar\u0131 i\u00e7in <strong>b\u00fct\u00e7e planlamas\u0131<\/strong>, <strong>nakit ak\u0131\u015f\u0131 y\u00f6netimi<\/strong> ve <strong>risk analizi<\/strong> gibi finansal dan\u0131\u015fmanl\u0131k hizmetleri de vermekteyiz. Kad\u0131k\u00f6y&#8217;de muhasebeci mali m\u00fc\u015favir b\u00fcrosu olarak, i\u015fletmelerin t\u00fcm mali ihtiya\u00e7lar\u0131na profesyonel \u00e7\u00f6z\u00fcmler sunarak onlar\u0131n yan\u0131nday\u0131z.<\/p>\n\n\n\n<p><strong>Kad\u0131k\u00f6y&#8217;de muhasebeci<\/strong> <strong>mali m\u00fc\u015favir hizmetleri <\/strong>kapsam\u0131 ve detaylar\u0131 hakk\u0131nda daha fazla bilgi almak ve i\u015fletmenize \u00f6zel \u00e7\u00f6z\u00fcmlerimizden faydalanmak i\u00e7in bizimle <a href=\"https:\/\/finlexia.com\/tr\/iletisim\/\" title=\"\">ileti\u015fime<\/a> ge\u00e7in.<\/p>\n","protected":false},"excerpt":{"rendered":"<p>Kad\u0131k\u00f6y&#8217;de muhasebeci mali m\u00fc\u015favir b\u00fcrosu olarak sundu\u011fumuz mali m\u00fc\u015favirlik hizmetleri, i\u015fletmelerin mali s\u00fcre\u00e7lerini etkin ve yasalara uygun bir \u015fekilde y\u00f6netmelerine yard\u0131mc\u0131 olmay\u0131 ama\u00e7lar. Bu kapsamda, i\u015fletmelerin genel muhasebe i\u015flemlerinin do\u011fru ve eksiksiz tutulmas\u0131ndan, maliyet muhasebesi ve y\u00f6netim muhasebesi gibi \u00f6zel muhasebe hizmetlerine kadar geni\u015f bir yelpazede hizmet sunmaktay\u0131z. Konu Ba\u015fl\u0131klar\u0131 Ayr\u0131ca, vergi dan\u0131\u015fmanl\u0131\u011f\u0131 hizmetlerimiz ile [&hellip;]<\/p>\n","protected":false},"author":2,"featured_media":7339,"parent":0,"menu_order":0,"comment_status":"closed","ping_status":"closed","template":"","meta":{"footnotes":""},"class_list":["post-7656","page","type-page","status-publish","has-post-thumbnail","hentry"],"blocksy_meta":[],"aioseo_notices":[],"_links":{"self":[{"href":"https:\/\/finlexia.com\/tr\/wp-json\/wp\/v2\/pages\/7656","targetHints":{"allow":["GET"]}}],"collection":[{"href":"https:\/\/finlexia.com\/tr\/wp-json\/wp\/v2\/pages"}],"about":[{"href":"https:\/\/finlexia.com\/tr\/wp-json\/wp\/v2\/types\/page"}],"author":[{"embeddable":true,"href":"https:\/\/finlexia.com\/tr\/wp-json\/wp\/v2\/users\/2"}],"replies":[{"embeddable":true,"href":"https:\/\/finlexia.com\/tr\/wp-json\/wp\/v2\/comments?post=7656"}],"version-history":[{"count":0,"href":"https:\/\/finlexia.com\/tr\/wp-json\/wp\/v2\/pages\/7656\/revisions"}],"wp:featuredmedia":[{"embeddable":true,"href":"https:\/\/finlexia.com\/tr\/wp-json\/wp\/v2\/media\/7339"}],"wp:attachment":[{"href":"https:\/\/finlexia.com\/tr\/wp-json\/wp\/v2\/media?parent=7656"}],"curies":[{"name":"wp","href":"https:\/\/api.w.org\/{rel}","templated":true}]}}